{"id":2291,"date":"2013-05-09T15:21:53","date_gmt":"2013-05-09T15:21:53","guid":{"rendered":"http:\/\/165.227.149.109\/redes\/"},"modified":"2019-05-31T16:43:01","modified_gmt":"2019-05-31T14:43:01","slug":"redes","status":"publish","type":"page","link":"https:\/\/zubietxe.org\/eu\/redes\/","title":{"rendered":"Redes"},"content":{"rendered":"<p><div class=\"fusion-fullwidth fullwidth-box fusion-builder-row-1 nonhundred-percent-fullwidth non-hundred-percent-height-scrolling\" style=\"background-color: rgba(255,255,255,0);background-position: center center;background-repeat: no-repeat;padding-top:0px;padding-right:13%;padding-bottom:0px;padding-left:13%;margin-bottom: 0px;margin-top: 0px;border-width: 0px 0px 0px 0px;border-color:#eae9e9;border-style:solid;\" ><div class=\"fusion-builder-row fusion-row\"><div class=\"fusion-layout-column fusion_builder_column fusion-builder-column-0 fusion_builder_column_1_1 1_1 fusion-one-full fusion-column-first fusion-column-last\" style=\"margin-top:0px;margin-bottom:0px;\"><div class=\"fusion-column-wrapper fusion-flex-column-wrapper-legacy\" style=\"background-position:left top;background-repeat:no-repeat;-webkit-background-size:cover;-moz-background-size:cover;-o-background-size:cover;background-size:cover;padding: 0px 0px 0px 0px;\"><div class=\"fusion-text fusion-text-1\"><p><!--:es-->Zubietxe forma parte de las siguientes redes:<\/p>\n<ul>\n<li>Abusu Sarean (Red de Asociaciones de La Pe\u00f1a por un barrio m\u00e1s solidario, m\u00e1s comprometido, m\u00e1s participativo y m\u00e1s agradable)<\/li>\n<li>Beste Bi, Plataforma contra la exclusi\u00f3n Residencial<\/li>\n<li>EAPN, Red Europea de lucha contra la pobreza<\/li>\n<li>EkaIN Sarea, Redes para la inclusi\u00f3n social en Euskadi<\/li>\n<li>Emakumeok Bidean, Red de entidades sociales que intervienen con mujeres<\/li>\n<li>EZETZ! Red vasca contra la violencia machista<\/li>\n<li>FIARE, Banca \u00c9tica<\/li>\n<li>Foro de Asociaciones de Educaci\u00f3n en Derechos Humanos y por la Paz<\/li>\n<li>Gizardatz<\/li>\n<li>Harresiak Apurtuz, coordinadora de ONGs de Euskadi de apoyo a inmigrantes<\/li>\n<li>Innobasque Agencia Vasca Innovaci\u00f3n- Berrikuntzaren Euskal Agentzia<\/li>\n<li>ROSEP. Red de Organizaciones Sociales del Entorno Penitenciario<\/li>\n<li>UNAD (UNI\u00d3N Nacional de Entidades de Apoyo a Drogodependientes)<\/li>\n<\/ul>\n<p><!--:--><\/p>\n<\/div><div class=\"fusion-clearfix\"><\/div><\/div><\/div><\/div><\/div><div class=\"fusion-fullwidth fullwidth-box fusion-builder-row-2 fusion-parallax-none nonhundred-percent-fullwidth non-hundred-percent-height-scrolling\" style=\"background-color: rgba(255,255,255,0);background-image: url(&quot;http:\/\/165.227.149.109\/wp-content\/uploads\/2019\/04\/retocada3.jpg&quot;);background-position: center center;background-repeat: no-repeat;padding-top:150px;padding-right:13%;padding-bottom:150px;padding-left:13%;margin-bottom: 0px;margin-top: 0px;border-width: 0px 0px 0px 0px;border-color:#eae9e9;border-style:solid;-webkit-background-size:cover;-moz-background-size:cover;-o-background-size:cover;background-size:cover;\" ><div class=\"fusion-builder-row fusion-row\"><div class=\"fusion-layout-column fusion_builder_column fusion-builder-column-1 fusion_builder_column_1_1 1_1 fusion-one-full fusion-column-first fusion-column-last\" style=\"margin-top:0px;margin-bottom:20px;\"><div class=\"fusion-column-wrapper fusion-flex-column-wrapper-legacy\" style=\"background-position:left top;background-repeat:no-repeat;-webkit-background-size:cover;-moz-background-size:cover;-o-background-size:cover;background-size:cover;padding: 0px 11% 0px 11%;\"><div class=\"fusion-text fusion-text-2\"><h2 style=\"text-align: center; color: #fff;\">EGIN ZERBAIT ZUBIETXEREN ALDE<\/h2>\n<\/div><div class=\"fusion-sep-clear\"><\/div><div class=\"fusion-separator\" style=\"margin-left: auto;margin-right: auto;margin-top:0px;margin-bottom:40px;width:100%;max-width:200px;\"><div class=\"fusion-separator-border sep-single sep-solid\" style=\"border-color:#fec96b;border-top-width:3px;\"><\/div><\/div><div class=\"fusion-sep-clear\"><\/div><div class=\"fusion-text fusion-text-3\"><p style=\"text-align: center; font-size: 24px; color: #fff; font-weight: 300;\">Hay miles de formas de acci\u00f3n solidaria con quienes sufren la exclusi\u00f3n social. En Zubietxe trabajamos para canalizar esta solidaridad, para que se convierta en una ayuda \u00fatil y eficaz promoviendo segundas oportunidades.<\/p>\n<\/div><div class=\"fusion-sep-clear\"><\/div><div class=\"fusion-separator fusion-full-width-sep\" style=\"margin-left: auto;margin-right: auto;margin-top:25px;width:100%;\"><\/div><div class=\"fusion-sep-clear\"><\/div><div class=\"fusion-builder-row fusion-builder-row-inner fusion-row\"><div class=\"fusion-layout-column fusion_builder_column_inner fusion-builder-nested-column-0 fusion_builder_column_inner_1_4 1_4 fusion-one-fourth fusion-column-first\" style=\"width:25%;width:calc(25% - ( ( 0px + 0px + 0px ) * 0.25 ) );margin-right: 0px;margin-top:0px;margin-bottom:20px;\"><div class=\"fusion-column-wrapper fusion-flex-column-wrapper-legacy\" style=\"background-position:left top;background-repeat:no-repeat;-webkit-background-size:cover;-moz-background-size:cover;-o-background-size:cover;background-size:cover;padding: 0px 0px 0px 0px;\"><div class=\"fusion-aligncenter\"><style type=\"text\/css\">.fusion-button.button-1 .fusion-button-text, .fusion-button.button-1 i {color:#ffffff;}.fusion-button.button-1 .fusion-button-icon-divider{border-color:#ffffff;}.fusion-button.button-1:hover .fusion-button-text, .fusion-button.button-1:hover i,.fusion-button.button-1:focus .fusion-button-text, .fusion-button.button-1:focus i,.fusion-button.button-1:active .fusion-button-text, .fusion-button.button-1:active{color:#fec96b;}.fusion-button.button-1:hover .fusion-button-icon-divider, .fusion-button.button-1:hover .fusion-button-icon-divider, .fusion-button.button-1:active .fusion-button-icon-divider{border-color:#fec96b;}.fusion-button.button-1:hover, .fusion-button.button-1:focus, .fusion-button.button-1:active{border-color:#fec96b;border-width:2px;}.fusion-button.button-1 {border-color:#ffffff;border-width:2px;border-radius:0px;}.fusion-button.button-1{background: rgba(254,201,107,0);}.fusion-button.button-1:hover,.button-1:focus,.fusion-button.button-1:active{background: rgba(0,0,0,0);}<\/style><a class=\"fusion-button button-flat fusion-button-default-size button-custom button-1 fusion-button-default-span fusion-button-default-type\" target=\"_self\" href=\"http:\/\/165.227.149.109\/causes\/\"><span class=\"fusion-button-text\">EMPRESAS<\/span><\/a><\/div><div class=\"fusion-clearfix\"><\/div><\/div><\/div><div class=\"fusion-layout-column fusion_builder_column_inner fusion-builder-nested-column-1 fusion_builder_column_inner_1_4 1_4 fusion-one-fourth\" style=\"width:25%;width:calc(25% - ( ( 0px + 0px + 0px ) * 0.25 ) );margin-right: 0px;margin-top:0px;margin-bottom:20px;\"><div class=\"fusion-column-wrapper fusion-flex-column-wrapper-legacy\" style=\"background-position:left top;background-repeat:no-repeat;-webkit-background-size:cover;-moz-background-size:cover;-o-background-size:cover;background-size:cover;padding: 0px 0px 0px 0px;\"><div class=\"fusion-aligncenter\"><style type=\"text\/css\">.fusion-button.button-2 .fusion-button-text, .fusion-button.button-2 i {color:#ffffff;}.fusion-button.button-2 .fusion-button-icon-divider{border-color:#ffffff;}.fusion-button.button-2:hover .fusion-button-text, .fusion-button.button-2:hover i,.fusion-button.button-2:focus .fusion-button-text, .fusion-button.button-2:focus i,.fusion-button.button-2:active .fusion-button-text, .fusion-button.button-2:active{color:#fec96b;}.fusion-button.button-2:hover .fusion-button-icon-divider, .fusion-button.button-2:hover .fusion-button-icon-divider, .fusion-button.button-2:active .fusion-button-icon-divider{border-color:#fec96b;}.fusion-button.button-2:hover, .fusion-button.button-2:focus, .fusion-button.button-2:active{border-color:#fec96b;border-width:2px;}.fusion-button.button-2 {border-color:#ffffff;border-width:2px;border-radius:0px;}.fusion-button.button-2{background: rgba(254,201,107,0);}.fusion-button.button-2:hover,.button-2:focus,.fusion-button.button-2:active{background: rgba(0,0,0,0);}<\/style><a class=\"fusion-button button-flat fusion-button-default-size button-custom button-2 fusion-button-default-span fusion-button-default-type\" target=\"_self\" href=\"http:\/\/165.227.149.109\/causes\/\"><span class=\"fusion-button-text\">VOLUNTARIADO<\/span><\/a><\/div><div class=\"fusion-clearfix\"><\/div><\/div><\/div><div class=\"fusion-layout-column fusion_builder_column_inner fusion-builder-nested-column-2 fusion_builder_column_inner_1_4 1_4 fusion-one-fourth\" style=\"width:25%;width:calc(25% - ( ( 0px + 0px + 0px ) * 0.25 ) );margin-right: 0px;margin-top:0px;margin-bottom:20px;\"><div class=\"fusion-column-wrapper fusion-flex-column-wrapper-legacy\" style=\"background-position:left top;background-repeat:no-repeat;-webkit-background-size:cover;-moz-background-size:cover;-o-background-size:cover;background-size:cover;padding: 0px 0px 0px 0px;\"><div class=\"fusion-aligncenter\"><style type=\"text\/css\">.fusion-button.button-3 .fusion-button-text, .fusion-button.button-3 i {color:#ffffff;}.fusion-button.button-3 .fusion-button-icon-divider{border-color:#ffffff;}.fusion-button.button-3:hover .fusion-button-text, .fusion-button.button-3:hover i,.fusion-button.button-3:focus .fusion-button-text, .fusion-button.button-3:focus i,.fusion-button.button-3:active .fusion-button-text, .fusion-button.button-3:active{color:#fec96b;}.fusion-button.button-3:hover .fusion-button-icon-divider, .fusion-button.button-3:hover .fusion-button-icon-divider, .fusion-button.button-3:active .fusion-button-icon-divider{border-color:#fec96b;}.fusion-button.button-3:hover, .fusion-button.button-3:focus, .fusion-button.button-3:active{border-color:#fec96b;border-width:2px;}.fusion-button.button-3 {border-color:#ffffff;border-width:2px;border-radius:0px;}.fusion-button.button-3{background: rgba(254,201,107,0);}.fusion-button.button-3:hover,.button-3:focus,.fusion-button.button-3:active{background: rgba(0,0,0,0);}<\/style><a class=\"fusion-button button-flat fusion-button-default-size button-custom button-3 fusion-button-default-span fusion-button-default-type\" target=\"_self\" href=\"http:\/\/165.227.149.109\/donate\/\"><span class=\"fusion-button-text\">DONACIONES<\/span><\/a><\/div><div class=\"fusion-clearfix\"><\/div><\/div><\/div><div class=\"fusion-layout-column fusion_builder_column_inner fusion-builder-nested-column-3 fusion_builder_column_inner_1_4 1_4 fusion-one-fourth fusion-column-last\" style=\"width:25%;width:calc(25% - ( ( 0px + 0px + 0px ) * 0.25 ) );margin-top:0px;margin-bottom:20px;\"><div class=\"fusion-column-wrapper fusion-flex-column-wrapper-legacy\" style=\"background-position:left top;background-repeat:no-repeat;-webkit-background-size:cover;-moz-background-size:cover;-o-background-size:cover;background-size:cover;padding: 0px 0px 0px 0px;\"><div class=\"fusion-aligncenter\"><style type=\"text\/css\">.fusion-button.button-4 .fusion-button-text, .fusion-button.button-4 i {color:#ffffff;}.fusion-button.button-4 .fusion-button-icon-divider{border-color:#ffffff;}.fusion-button.button-4:hover .fusion-button-text, .fusion-button.button-4:hover i,.fusion-button.button-4:focus .fusion-button-text, .fusion-button.button-4:focus i,.fusion-button.button-4:active .fusion-button-text, .fusion-button.button-4:active{color:#fec96b;}.fusion-button.button-4:hover .fusion-button-icon-divider, .fusion-button.button-4:hover .fusion-button-icon-divider, .fusion-button.button-4:active .fusion-button-icon-divider{border-color:#fec96b;}.fusion-button.button-4:hover, .fusion-button.button-4:focus, .fusion-button.button-4:active{border-color:#fec96b;border-width:2px;}.fusion-button.button-4 {border-color:#ffffff;border-width:2px;border-radius:0px;}.fusion-button.button-4{background: rgba(254,201,107,0);}.fusion-button.button-4:hover,.button-4:focus,.fusion-button.button-4:active{background: rgba(0,0,0,0);}<\/style><a class=\"fusion-button button-flat fusion-button-default-size button-custom button-4 fusion-button-default-span fusion-button-default-type\" target=\"_self\" href=\"http:\/\/165.227.149.109\/causes\/\"><span class=\"fusion-button-text\">OTRAS FORMAS<\/span><\/a><\/div><div class=\"fusion-clearfix\"><\/div><\/div><\/div><\/div><div class=\"fusion-clearfix\"><\/div><\/div><\/div><\/div><\/div>\n<\/p>\n","protected":false},"excerpt":{"rendered":"","protected":false},"author":1,"featured_media":0,"parent":0,"menu_order":0,"comment_status":"closed","ping_status":"open","template":"","meta":{"footnotes":""},"class_list":["post-2291","page","type-page","status-publish","hentry"],"_links":{"self":[{"href":"https:\/\/zubietxe.org\/eu\/wp-json\/wp\/v2\/pages\/2291\/"}],"collection":[{"href":"https:\/\/zubietxe.org\/eu\/wp-json\/wp\/v2\/pages\/"}],"about":[{"href":"https:\/\/zubietxe.org\/eu\/wp-json\/wp\/v2\/types\/page\/"}],"author":[{"embeddable":true,"href":"https:\/\/zubietxe.org\/eu\/wp-json\/wp\/v2\/users\/1\/"}],"replies":[{"embeddable":true,"href":"https:\/\/zubietxe.org\/eu\/wp-json\/wp\/v2\/comments\/?post=2291"}],"version-history":[{"count":5,"href":"https:\/\/zubietxe.org\/eu\/wp-json\/wp\/v2\/pages\/2291\/revisions\/"}],"predecessor-version":[{"id":2293,"href":"https:\/\/zubietxe.org\/eu\/wp-json\/wp\/v2\/pages\/2291\/revisions\/2293\/"}],"wp:attachment":[{"href":"https:\/\/zubietxe.org\/eu\/wp-json\/wp\/v2\/media\/?parent=2291"}],"curies":[{"name":"wp","href":"https:\/\/api.w.org\/{rel}","templated":true}]}}