{"id":2677,"date":"2020-02-06T16:04:47","date_gmt":"2020-02-06T15:04:47","guid":{"rendered":"https:\/\/zubietxe.org\/?page_id=2677"},"modified":"2020-02-06T16:14:12","modified_gmt":"2020-02-06T15:14:12","slug":"bloga-general","status":"publish","type":"page","link":"https:\/\/zubietxe.org\/eu\/bloga-general\/","title":{"rendered":"Bloga (general)"},"content":{"rendered":"<p><div class=\"fusion-fullwidth fullwidth-box fusion-builder-row-1 hundred-percent-fullwidth non-hundred-percent-height-scrolling\" style=\"background-color: #f7f7f7;background-position: left top;background-repeat: no-repeat;padding-top:150px;padding-right:5.5%;padding-bottom:150px;padding-left:5.5%;margin-bottom: 0px;margin-top: 0px;border-width: 0px 0px 0px 0px;border-color:#eae9e9;border-style:solid;\" ><div class=\"fusion-builder-row fusion-row\"><div class=\"fusion-layout-column fusion_builder_column fusion-builder-column-0 fusion_builder_column_1_1 1_1 fusion-one-full fusion-column-first fusion-column-last\" style=\"margin-top:0px;margin-bottom:20px;\"><div class=\"fusion-column-wrapper fusion-flex-column-wrapper-legacy\" style=\"background-position:left top;background-repeat:no-repeat;-webkit-background-size:cover;-moz-background-size:cover;-o-background-size:cover;background-size:cover;padding: 0px 0px 0px 0px;\"><div class=\"fusion-blog-shortcode fusion-blog-shortcode-1 fusion-blog-archive fusion-blog-layout-medium-alternate fusion-blog-pagination\"><div class=\"fusion-posts-container fusion-posts-container-pagination fusion-blog-rollover\" data-pages=\"1\"><article id=\"blog-1-post-3106\" class=\"fusion-post-medium-alternate post-3106 post type-post status-publish format-standard has-post-thumbnail hentry category-novedades-eu category-personas-eu category-portada-eu category-uncategorized-eu\">\n<div class=\"fusion-date-and-formats\"><div class=\"fusion-date-box updated\"><span class=\"fusion-date\">5<\/span><span class=\"fusion-month-year\">03, 2021<\/span><\/div><div class=\"fusion-format-box\"><i class=\"awb-icon-pen\" aria-hidden=\"true\"><\/i><\/div><\/div>\t<style type=\"text\/css\">\n\t\t\n\t\t\n\t\t\n\t\t\n\t\t\t<\/style>\n\n\n\t\t\t<div class=\"fusion-flexslider flexslider fusion-flexslider-loading fusion-post-slideshow\" style=\"\">\n\t\t<ul class=\"slides\">\n\t\t\t\n\t\t\t\t\t\t\t\t\t\t\t\t\t\t<li><div  class=\"fusion-image-wrapper fusion-image-size-fixed\" aria-haspopup=\"true\">\n\t\t\t\t  <img decoding=\"async\" width=\"320\" height=\"202\" src=\"https:\/\/zubietxe.org\/wp-content\/uploads\/2021\/03\/29092010043-bis-320x202.jpg\" class=\"attachment-blog-medium size-blog-medium wp-post-image\" alt=\"\" srcset=\"https:\/\/zubietxe.org\/wp-content\/uploads\/2021\/03\/29092010043-bis-320x202.jpg 320w, https:\/\/zubietxe.org\/wp-content\/uploads\/2021\/03\/29092010043-bis-700x441.jpg 700w\" sizes=\"(max-width: 320px) 100vw, 320px\" \/><div class=\"fusion-rollover\">\n\t<div class=\"fusion-rollover-content\">\n\n\t\t\t\t\n\t\t\n\t\t\t\t\t\t\t\t\t\t\t\t<h4 class=\"fusion-rollover-title\">\n\t\t\t\t\t<a class=\"fusion-rollover-title-link\" href=\"https:\/\/zubietxe.org\/eu\/rafa-gogoratzen\/\">\n\t\t\t\t\t\tRafa gogoratzen\t\t\t\t\t<\/a>\n\t\t\t\t<\/h4>\n\t\t\t\n\t\t\t\t\t\t\t\t\n\t\t\n\t\t\t\t\t\t<a class=\"fusion-link-wrapper\" href=\"https:\/\/zubietxe.org\/eu\/rafa-gogoratzen\/\" aria-label=\"Rafa gogoratzen\"><\/a>\n\t<\/div>\n<\/div>\n<\/div>\n<\/li>\n\t\t\t\n\t\t\t\n\t\t\t\t\t\t\t\t\t\t\t\t\t\t\t\t\t\t\t\t\t\t\t\t\t\t\t\t\t\t\t\t\t\t\t\t\t\t\t\t\t\t\t\t\t\t\t\t\t\t\t\t\t\t\t\t\t\t\t\t\t\t\t\t\t\t\t\t<\/ul>\n\t<\/div>\n\t<div class=\"fusion-post-content post-content\"><h2 class=\"blog-shortcode-post-title entry-title\"><a href=\"https:\/\/zubietxe.org\/eu\/rafa-gogoratzen\/\">Rafa gogoratzen<\/a><\/h2><p class=\"fusion-single-line-meta\"><span class=\"vcard\" style=\"display: none;\"><span class=\"fn\"><a href=\"https:\/\/zubietxe.org\/eu\/author\/borja\/\" title=\"Posts by Borja\" rel=\"author\">Borja<\/a><\/span><\/span><span class=\"updated\" style=\"display:none;\">2021-03-05T14:26:42+01:00<\/span><span>2021 5 March<\/span><span class=\"fusion-inline-sep\">|<\/span><\/p><div class=\"fusion-post-content-container\"><p> Orain dela 5 urte Rafa joan zitzaigun; bere Camaron maitatuarekin egongo da orain. Denbora luzea bezain laburra izan da. Bere azken 6 urteak gurekin bizi izan zituen, bere une onak, une gogorrak, oroitzapenak eta<\/p><\/div><\/div><div class=\"fusion-clearfix\"><\/div><div class=\"fusion-meta-info\"><div class=\"fusion-alignright\"><a class=\"fusion-read-more\" href=\"https:\/\/zubietxe.org\/eu\/rafa-gogoratzen\/\" aria-label=\"More on Rafa gogoratzen\">Read More<\/a><\/div><\/div><\/article>\n<article id=\"blog-1-post-2994\" class=\"fusion-post-medium-alternate post-2994 post type-post status-publish format-standard has-post-thumbnail hentry category-novedades-eu category-portada-eu tag-taz-eu\">\n<div class=\"fusion-date-and-formats\"><div class=\"fusion-date-box updated\"><span class=\"fusion-date\">11<\/span><span class=\"fusion-month-year\">11, 2020<\/span><\/div><div class=\"fusion-format-box\"><i class=\"awb-icon-pen\" aria-hidden=\"true\"><\/i><\/div><\/div>\t<style type=\"text\/css\">\n\t\t\n\t\t\n\t\t\n\t\t\n\t\t\t<\/style>\n\n\n\t\t\t<div class=\"fusion-flexslider flexslider fusion-flexslider-loading fusion-post-slideshow\" style=\"\">\n\t\t<ul class=\"slides\">\n\t\t\t\n\t\t\t\t\t\t\t\t\t\t\t\t\t\t<li><div  class=\"fusion-image-wrapper fusion-image-size-fixed\" aria-haspopup=\"true\">\n\t\t\t\t  <img decoding=\"async\" width=\"320\" height=\"202\" src=\"https:\/\/zubietxe.org\/wp-content\/uploads\/2020\/11\/WhatsApp-Image-2020-11-06-at-12.35.22-320x202.jpeg\" class=\"attachment-blog-medium size-blog-medium wp-post-image\" alt=\"\" srcset=\"https:\/\/zubietxe.org\/wp-content\/uploads\/2020\/11\/WhatsApp-Image-2020-11-06-at-12.35.22-320x202.jpeg 320w, https:\/\/zubietxe.org\/wp-content\/uploads\/2020\/11\/WhatsApp-Image-2020-11-06-at-12.35.22-700x441.jpeg 700w\" sizes=\"(max-width: 320px) 100vw, 320px\" \/><div class=\"fusion-rollover\">\n\t<div class=\"fusion-rollover-content\">\n\n\t\t\t\t\n\t\t\n\t\t\t\t\t\t\t\t\t\t\t\t<h4 class=\"fusion-rollover-title\">\n\t\t\t\t\t<a class=\"fusion-rollover-title-link\" href=\"https:\/\/zubietxe.org\/eu\/nuevo-horario-de-actividades\/\">\n\t\t\t\t\t\tNuevo horario de actividades\t\t\t\t\t<\/a>\n\t\t\t\t<\/h4>\n\t\t\t\n\t\t\t\t\t\t\t\t\n\t\t\n\t\t\t\t\t\t<a class=\"fusion-link-wrapper\" href=\"https:\/\/zubietxe.org\/eu\/nuevo-horario-de-actividades\/\" aria-label=\"Nuevo horario de actividades\"><\/a>\n\t<\/div>\n<\/div>\n<\/div>\n<\/li>\n\t\t\t\n\t\t\t\n\t\t\t\t\t\t\t\t\t\t\t\t\t\t\t\t\t\t\t\t\t\t\t\t\t\t\t\t\t\t\t\t\t\t\t\t\t\t\t\t\t\t\t\t\t\t\t\t\t\t\t\t\t\t\t\t\t\t\t\t\t\t\t\t\t\t\t\t<\/ul>\n\t<\/div>\n\t<div class=\"fusion-post-content post-content\"><h2 class=\"blog-shortcode-post-title entry-title\"><a href=\"https:\/\/zubietxe.org\/eu\/nuevo-horario-de-actividades\/\">Nuevo horario de actividades<\/a><\/h2><p class=\"fusion-single-line-meta\"><span class=\"vcard\" style=\"display: none;\"><span class=\"fn\"><a href=\"https:\/\/zubietxe.org\/eu\/author\/borja\/\" title=\"Posts by Borja\" rel=\"author\">Borja<\/a><\/span><\/span><span class=\"updated\" style=\"display:none;\">2021-08-26T16:59:29+02:00<\/span><span>2020 11 November<\/span><span class=\"fusion-inline-sep\">|<\/span><\/p><div class=\"fusion-post-content-container\"><p> Adaptaci\u00f3n. Quiz\u00e1 esa sea una de las mejores palabras que podr\u00edan definir la l\u00ednea de trabajo de Zubietxe\u2026 Siempre estamos en constante adaptaci\u00f3n y cambio para las personas que vienen, de tal forma que<\/p><\/div><\/div><div class=\"fusion-clearfix\"><\/div><div class=\"fusion-meta-info\"><div class=\"fusion-alignright\"><a class=\"fusion-read-more\" href=\"https:\/\/zubietxe.org\/eu\/nuevo-horario-de-actividades\/\" aria-label=\"More on Nuevo horario de actividades\">Read More<\/a><\/div><\/div><\/article>\n<article id=\"blog-1-post-2807\" class=\"fusion-post-medium-alternate post-2807 post type-post status-publish format-standard has-post-thumbnail hentry category-novedades-eu category-personas-eu category-portada-eu\">\n<div class=\"fusion-date-and-formats\"><div class=\"fusion-date-box updated\"><span class=\"fusion-date\">25<\/span><span class=\"fusion-month-year\">03, 2020<\/span><\/div><div class=\"fusion-format-box\"><i class=\"awb-icon-pen\" aria-hidden=\"true\"><\/i><\/div><\/div>\t<style type=\"text\/css\">\n\t\t\n\t\t\n\t\t\n\t\t\n\t\t\t<\/style>\n\n\n\t\t\t<div class=\"fusion-flexslider flexslider fusion-flexslider-loading fusion-post-slideshow\" style=\"\">\n\t\t<ul class=\"slides\">\n\t\t\t\n\t\t\t\t\t\t\t\t\t\t\t\t\t\t<li><div  class=\"fusion-image-wrapper fusion-image-size-fixed\" aria-haspopup=\"true\">\n\t\t\t\t  <img decoding=\"async\" width=\"320\" height=\"202\" src=\"https:\/\/zubietxe.org\/wp-content\/uploads\/2020\/03\/fotoventana-320x202.jpeg\" class=\"attachment-blog-medium size-blog-medium wp-post-image\" alt=\"\" srcset=\"https:\/\/zubietxe.org\/wp-content\/uploads\/2020\/03\/fotoventana-320x202.jpeg 320w, https:\/\/zubietxe.org\/wp-content\/uploads\/2020\/03\/fotoventana-700x441.jpeg 700w\" sizes=\"(max-width: 320px) 100vw, 320px\" \/><div class=\"fusion-rollover\">\n\t<div class=\"fusion-rollover-content\">\n\n\t\t\t\t\n\t\t\n\t\t\t\t\t\t\t\t\t\t\t\t<h4 class=\"fusion-rollover-title\">\n\t\t\t\t\t<a class=\"fusion-rollover-title-link\" href=\"https:\/\/zubietxe.org\/eu\/zubietxe-coronavirus-garaian\/\">\n\t\t\t\t\t\tZubietxe coronavirus garaian\t\t\t\t\t<\/a>\n\t\t\t\t<\/h4>\n\t\t\t\n\t\t\t\t\t\t\t\t\n\t\t\n\t\t\t\t\t\t<a class=\"fusion-link-wrapper\" href=\"https:\/\/zubietxe.org\/eu\/zubietxe-coronavirus-garaian\/\" aria-label=\"Zubietxe coronavirus garaian\"><\/a>\n\t<\/div>\n<\/div>\n<\/div>\n<\/li>\n\t\t\t\n\t\t\t\n\t\t\t\t\t\t\t\t\t\t\t\t\t\t\t\t\t\t\t\t\t\t\t\t\t\t\t\t\t\t\t\t\t\t\t\t\t\t\t\t\t\t\t\t\t\t\t\t\t\t\t\t\t\t\t\t\t\t\t\t\t\t\t\t\t\t\t\t<\/ul>\n\t<\/div>\n\t<div class=\"fusion-post-content post-content\"><h2 class=\"blog-shortcode-post-title entry-title\"><a href=\"https:\/\/zubietxe.org\/eu\/zubietxe-coronavirus-garaian\/\">Zubietxe coronavirus garaian<\/a><\/h2><p class=\"fusion-single-line-meta\"><span class=\"vcard\" style=\"display: none;\"><span class=\"fn\"><a href=\"https:\/\/zubietxe.org\/eu\/author\/borja\/\" title=\"Posts by Borja\" rel=\"author\">Borja<\/a><\/span><\/span><span class=\"updated\" style=\"display:none;\">2020-03-25T13:39:32+01:00<\/span><span>2020 25 March<\/span><span class=\"fusion-inline-sep\">|<\/span><\/p><div class=\"fusion-post-content-container\"><p>Bizitza jarraitzen du berdin, lehen bezalaxe baina leku gutxiagorekin. Zubietxeren pisuetan, egoera oso zailak bizi diren pertsonak bizi dira; aurrera jarraitzeko nahia eta kemena aurkitu diren horiek. Gaur pazientziaz bizi dira gertatzen ari dena, eta<\/p><\/div><\/div><div class=\"fusion-clearfix\"><\/div><div class=\"fusion-meta-info\"><div class=\"fusion-alignright\"><a class=\"fusion-read-more\" href=\"https:\/\/zubietxe.org\/eu\/zubietxe-coronavirus-garaian\/\" aria-label=\"More on Zubietxe coronavirus garaian\">Read More<\/a><\/div><\/div><\/article>\n<article id=\"blog-1-post-2779\" class=\"fusion-post-medium-alternate post-2779 post type-post status-publish format-standard has-post-thumbnail hentry category-novedades-eu category-portada-eu\">\n<div class=\"fusion-date-and-formats\"><div class=\"fusion-date-box updated\"><span class=\"fusion-date\">3<\/span><span class=\"fusion-month-year\">03, 2020<\/span><\/div><div class=\"fusion-format-box\"><i class=\"awb-icon-pen\" aria-hidden=\"true\"><\/i><\/div><\/div>\t<style type=\"text\/css\">\n\t\t\n\t\t\n\t\t\n\t\t\n\t\t\t<\/style>\n\n\n\t\t\t<div class=\"fusion-flexslider flexslider fusion-flexslider-loading fusion-post-slideshow\" style=\"\">\n\t\t<ul class=\"slides\">\n\t\t\t\n\t\t\t\t\t\t\t\t\t\t\t\t\t\t<li><div  class=\"fusion-image-wrapper fusion-image-size-fixed\" aria-haspopup=\"true\">\n\t\t\t\t  <img decoding=\"async\" width=\"320\" height=\"202\" src=\"https:\/\/zubietxe.org\/wp-content\/uploads\/2020\/03\/sdaf-320x202.jpg\" class=\"attachment-blog-medium size-blog-medium wp-post-image\" alt=\"\" srcset=\"https:\/\/zubietxe.org\/wp-content\/uploads\/2020\/03\/sdaf-320x202.jpg 320w, https:\/\/zubietxe.org\/wp-content\/uploads\/2020\/03\/sdaf-700x441.jpg 700w\" sizes=\"(max-width: 320px) 100vw, 320px\" \/><div class=\"fusion-rollover\">\n\t<div class=\"fusion-rollover-content\">\n\n\t\t\t\t\n\t\t\n\t\t\t\t\t\t\t\t\t\t\t\t<h4 class=\"fusion-rollover-title\">\n\t\t\t\t\t<a class=\"fusion-rollover-title-link\" href=\"https:\/\/zubietxe.org\/eu\/concurso-para-el-lanzamiento-de-nuestra-pagina-web\/\">\n\t\t\t\t\t\tGure web orriaren aurkezpenerako lehiaketa\t\t\t\t\t<\/a>\n\t\t\t\t<\/h4>\n\t\t\t\n\t\t\t\t\t\t\t\t\n\t\t\n\t\t\t\t\t\t<a class=\"fusion-link-wrapper\" href=\"https:\/\/zubietxe.org\/eu\/concurso-para-el-lanzamiento-de-nuestra-pagina-web\/\" aria-label=\"Gure web orriaren aurkezpenerako lehiaketa\"><\/a>\n\t<\/div>\n<\/div>\n<\/div>\n<\/li>\n\t\t\t\n\t\t\t\n\t\t\t\t\t\t\t\t\t\t\t\t\t\t\t\t\t\t\t\t\t\t\t\t\t\t\t\t\t\t\t\t\t\t\t\t\t\t\t\t\t\t\t\t\t\t\t\t\t\t\t\t\t\t\t\t\t\t\t\t\t\t\t\t\t\t\t\t<\/ul>\n\t<\/div>\n\t<div class=\"fusion-post-content post-content\"><h2 class=\"blog-shortcode-post-title entry-title\"><a href=\"https:\/\/zubietxe.org\/eu\/concurso-para-el-lanzamiento-de-nuestra-pagina-web\/\">Gure web orriaren aurkezpenerako lehiaketa<\/a><\/h2><p class=\"fusion-single-line-meta\"><span class=\"vcard\" style=\"display: none;\"><span class=\"fn\"><a href=\"https:\/\/zubietxe.org\/eu\/author\/borja\/\" title=\"Posts by Borja\" rel=\"author\">Borja<\/a><\/span><\/span><span class=\"updated\" style=\"display:none;\">2020-03-03T12:14:41+01:00<\/span><span>2020 3 March<\/span><span class=\"fusion-inline-sep\">|<\/span><\/p><div class=\"fusion-post-content-container\"><p> Con motivo del lanzamiento de la p\u00e1gina web, desde la Comisi\u00f3n de Comunicaci\u00f3n quer\u00edamos generar m\u00e1s contenido\u2026 \u00a1As\u00ed que se nos ocurri\u00f3 una brillante idea! Lanzamos dentro de nuestro equipo la propuesta de contar<\/p><\/div><\/div><div class=\"fusion-clearfix\"><\/div><div class=\"fusion-meta-info\"><div class=\"fusion-alignright\"><a class=\"fusion-read-more\" href=\"https:\/\/zubietxe.org\/eu\/concurso-para-el-lanzamiento-de-nuestra-pagina-web\/\" aria-label=\"More on Gure web orriaren aurkezpenerako lehiaketa\">Read More<\/a><\/div><\/div><\/article>\n<article id=\"blog-1-post-2751\" class=\"fusion-post-medium-alternate post-2751 post type-post status-publish format-standard has-post-thumbnail hentry category-novedades-eu category-personas-eu category-portada-eu\">\n<div class=\"fusion-date-and-formats\"><div class=\"fusion-date-box updated\"><span class=\"fusion-date\">3<\/span><span class=\"fusion-month-year\">03, 2020<\/span><\/div><div class=\"fusion-format-box\"><i class=\"awb-icon-pen\" aria-hidden=\"true\"><\/i><\/div><\/div>\t<style type=\"text\/css\">\n\t\t\n\t\t\n\t\t\n\t\t\n\t\t\t<\/style>\n\n\n\t\t\t<div class=\"fusion-flexslider flexslider fusion-flexslider-loading fusion-post-slideshow\" style=\"\">\n\t\t<ul class=\"slides\">\n\t\t\t\n\t\t\t\t\t\t\t\t\t\t\t\t\t\t<li><div  class=\"fusion-image-wrapper fusion-image-size-fixed\" aria-haspopup=\"true\">\n\t\t\t\t  <img decoding=\"async\" width=\"320\" height=\"202\" src=\"https:\/\/zubietxe.org\/wp-content\/uploads\/2020\/03\/rober-para-texto-1-320x202.jpg\" class=\"attachment-blog-medium size-blog-medium wp-post-image\" alt=\"\" srcset=\"https:\/\/zubietxe.org\/wp-content\/uploads\/2020\/03\/rober-para-texto-1-320x202.jpg 320w, https:\/\/zubietxe.org\/wp-content\/uploads\/2020\/03\/rober-para-texto-1-700x441.jpg 700w\" sizes=\"(max-width: 320px) 100vw, 320px\" \/><div class=\"fusion-rollover\">\n\t<div class=\"fusion-rollover-content\">\n\n\t\t\t\t\n\t\t\n\t\t\t\t\t\t\t\t\t\t\t\t<h4 class=\"fusion-rollover-title\">\n\t\t\t\t\t<a class=\"fusion-rollover-title-link\" href=\"https:\/\/zubietxe.org\/eu\/poema-de-rober\/\">\n\t\t\t\t\t\tRoberren olerkia\t\t\t\t\t<\/a>\n\t\t\t\t<\/h4>\n\t\t\t\n\t\t\t\t\t\t\t\t\n\t\t\n\t\t\t\t\t\t<a class=\"fusion-link-wrapper\" href=\"https:\/\/zubietxe.org\/eu\/poema-de-rober\/\" aria-label=\"Roberren olerkia\"><\/a>\n\t<\/div>\n<\/div>\n<\/div>\n<\/li>\n\t\t\t\n\t\t\t\n\t\t\t\t\t\t\t\t\t\t\t\t\t\t\t\t\t\t\t\t\t\t\t\t\t\t\t\t\t\t\t\t\t\t\t\t\t\t\t\t\t\t\t\t\t\t\t\t\t\t\t\t\t\t\t\t\t\t\t\t\t\t\t\t\t\t\t\t<\/ul>\n\t<\/div>\n\t<div class=\"fusion-post-content post-content\"><h2 class=\"blog-shortcode-post-title entry-title\"><a href=\"https:\/\/zubietxe.org\/eu\/poema-de-rober\/\">Roberren olerkia<\/a><\/h2><p class=\"fusion-single-line-meta\"><span class=\"vcard\" style=\"display: none;\"><span class=\"fn\"><a href=\"https:\/\/zubietxe.org\/eu\/author\/borja\/\" title=\"Posts by Borja\" rel=\"author\">Borja<\/a><\/span><\/span><span class=\"updated\" style=\"display:none;\">2020-03-03T11:11:41+01:00<\/span><span>2020 3 March<\/span><span class=\"fusion-inline-sep\">|<\/span><\/p><div class=\"fusion-post-content-container\"><p> Zubietxeren pisu baten etxetiarra da, eta batzutan denbora aurkitzen du olerkiak idazteko. Hemen daukagu web orrirako zati bat. Cantos de sirenas que me llaman Cantos de sirenas que me traen y me llevan Y<\/p><\/div><\/div><div class=\"fusion-clearfix\"><\/div><div class=\"fusion-meta-info\"><div class=\"fusion-alignright\"><a class=\"fusion-read-more\" href=\"https:\/\/zubietxe.org\/eu\/poema-de-rober\/\" aria-label=\"More on Roberren olerkia\">Read More<\/a><\/div><\/div><\/article>\n<article id=\"blog-1-post-2766\" class=\"fusion-post-medium-alternate post-2766 post type-post status-publish format-standard has-post-thumbnail hentry category-novedades-eu category-personas-eu category-portada-eu category-principal-eu\">\n<div class=\"fusion-date-and-formats\"><div class=\"fusion-date-box updated\"><span class=\"fusion-date\">14<\/span><span class=\"fusion-month-year\">01, 2020<\/span><\/div><div class=\"fusion-format-box\"><i class=\"awb-icon-pen\" aria-hidden=\"true\"><\/i><\/div><\/div>\t<style type=\"text\/css\">\n\t\t\n\t\t\n\t\t\n\t\t\n\t\t\t<\/style>\n\n\n\t\t\t<div class=\"fusion-flexslider flexslider fusion-flexslider-loading fusion-post-slideshow\" style=\"\">\n\t\t<ul class=\"slides\">\n\t\t\t\n\t\t\t\t\t\t\t\t\t\t\t\t\t\t<li><div  class=\"fusion-image-wrapper fusion-image-size-fixed\" aria-haspopup=\"true\">\n\t\t\t\t  <img decoding=\"async\" width=\"320\" height=\"202\" src=\"https:\/\/zubietxe.org\/wp-content\/uploads\/2020\/03\/passport-320x202.jpg\" class=\"attachment-blog-medium size-blog-medium wp-post-image\" alt=\"\" srcset=\"https:\/\/zubietxe.org\/wp-content\/uploads\/2020\/03\/passport-320x202.jpg 320w, https:\/\/zubietxe.org\/wp-content\/uploads\/2020\/03\/passport-700x441.jpg 700w\" sizes=\"(max-width: 320px) 100vw, 320px\" \/><div class=\"fusion-rollover\">\n\t<div class=\"fusion-rollover-content\">\n\n\t\t\t\t\n\t\t\n\t\t\t\t\t\t\t\t\t\t\t\t<h4 class=\"fusion-rollover-title\">\n\t\t\t\t\t<a class=\"fusion-rollover-title-link\" href=\"https:\/\/zubietxe.org\/eu\/mision-imposible\/\">\n\t\t\t\t\t\tMission impossible?\t\t\t\t\t<\/a>\n\t\t\t\t<\/h4>\n\t\t\t\n\t\t\t\t\t\t\t\t\n\t\t\n\t\t\t\t\t\t<a class=\"fusion-link-wrapper\" href=\"https:\/\/zubietxe.org\/eu\/mision-imposible\/\" aria-label=\"Mission impossible?\"><\/a>\n\t<\/div>\n<\/div>\n<\/div>\n<\/li>\n\t\t\t\n\t\t\t\n\t\t\t\t\t\t\t\t\t\t\t\t\t\t\t\t\t\t\t\t\t\t\t\t\t\t\t\t\t\t\t\t\t\t\t\t\t\t\t\t\t\t\t\t\t\t\t\t\t\t\t\t\t\t\t\t\t\t\t\t\t\t\t\t\t\t\t\t<\/ul>\n\t<\/div>\n\t<div class=\"fusion-post-content post-content\"><h2 class=\"blog-shortcode-post-title entry-title\"><a href=\"https:\/\/zubietxe.org\/eu\/mision-imposible\/\">Mission impossible?<\/a><\/h2><p class=\"fusion-single-line-meta\"><span class=\"vcard\" style=\"display: none;\"><span class=\"fn\"><a href=\"https:\/\/zubietxe.org\/eu\/author\/borja\/\" title=\"Posts by Borja\" rel=\"author\">Borja<\/a><\/span><\/span><span class=\"updated\" style=\"display:none;\">2020-03-03T12:05:22+01:00<\/span><span>2020 14 January<\/span><span class=\"fusion-inline-sep\">|<\/span><\/p><div class=\"fusion-post-content-container\"><p> Sinopsis: Cuando nuevamente la solicitud de permiso de residencia de B.B es denegada por Extranjer\u00eda, conseguir regularizar su situaci\u00f3n administrativa se convierte en el principal objetivo de una nueva mission imposible para el equipo<\/p><\/div><\/div><div class=\"fusion-clearfix\"><\/div><div class=\"fusion-meta-info\"><div class=\"fusion-alignright\"><a class=\"fusion-read-more\" href=\"https:\/\/zubietxe.org\/eu\/mision-imposible\/\" aria-label=\"More on Mission impossible?\">Read More<\/a><\/div><\/div><\/article>\n<article id=\"blog-1-post-2761\" class=\"fusion-post-medium-alternate post-2761 post type-post status-publish format-standard has-post-thumbnail hentry category-novedades-eu category-personas-eu category-portada-eu\">\n<div class=\"fusion-date-and-formats\"><div class=\"fusion-date-box updated\"><span class=\"fusion-date\">3<\/span><span class=\"fusion-month-year\">10, 2019<\/span><\/div><div class=\"fusion-format-box\"><i class=\"awb-icon-pen\" aria-hidden=\"true\"><\/i><\/div><\/div>\t<style type=\"text\/css\">\n\t\t\n\t\t\n\t\t\n\t\t\n\t\t\t<\/style>\n\n\n\t\t\t<div class=\"fusion-flexslider flexslider fusion-flexslider-loading fusion-post-slideshow\" style=\"\">\n\t\t<ul class=\"slides\">\n\t\t\t\n\t\t\t\t\t\t\t\t\t\t\t\t\t\t<li><div  class=\"fusion-image-wrapper fusion-image-size-fixed\" aria-haspopup=\"true\">\n\t\t\t\t  <img decoding=\"async\" width=\"320\" height=\"202\" src=\"https:\/\/zubietxe.org\/wp-content\/uploads\/2020\/03\/comida-pisos-320x202.jpg\" class=\"attachment-blog-medium size-blog-medium wp-post-image\" alt=\"\" srcset=\"https:\/\/zubietxe.org\/wp-content\/uploads\/2020\/03\/comida-pisos-320x202.jpg 320w, https:\/\/zubietxe.org\/wp-content\/uploads\/2020\/03\/comida-pisos-700x441.jpg 700w\" sizes=\"(max-width: 320px) 100vw, 320px\" \/><div class=\"fusion-rollover\">\n\t<div class=\"fusion-rollover-content\">\n\n\t\t\t\t\n\t\t\n\t\t\t\t\t\t\t\t\t\t\t\t<h4 class=\"fusion-rollover-title\">\n\t\t\t\t\t<a class=\"fusion-rollover-title-link\" href=\"https:\/\/zubietxe.org\/eu\/la-comida-de-verano-de-pisos\/\">\n\t\t\t\t\t\tUdako bazkaria heldu da!\t\t\t\t\t<\/a>\n\t\t\t\t<\/h4>\n\t\t\t\n\t\t\t\t\t\t\t\t\n\t\t\n\t\t\t\t\t\t<a class=\"fusion-link-wrapper\" href=\"https:\/\/zubietxe.org\/eu\/la-comida-de-verano-de-pisos\/\" aria-label=\"Udako bazkaria heldu da!\"><\/a>\n\t<\/div>\n<\/div>\n<\/div>\n<\/li>\n\t\t\t\n\t\t\t\n\t\t\t\t\t\t\t\t\t\t\t\t\t\t\t\t\t\t\t\t\t\t\t\t\t\t\t\t\t\t\t\t\t\t\t\t\t\t\t\t\t\t\t\t\t\t\t\t\t\t\t\t\t\t\t\t\t\t\t\t\t\t\t\t\t\t\t\t<\/ul>\n\t<\/div>\n\t<div class=\"fusion-post-content post-content\"><h2 class=\"blog-shortcode-post-title entry-title\"><a href=\"https:\/\/zubietxe.org\/eu\/la-comida-de-verano-de-pisos\/\">Udako bazkaria heldu da!<\/a><\/h2><p class=\"fusion-single-line-meta\"><span class=\"vcard\" style=\"display: none;\"><span class=\"fn\"><a href=\"https:\/\/zubietxe.org\/eu\/author\/borja\/\" title=\"Posts by Borja\" rel=\"author\">Borja<\/a><\/span><\/span><span class=\"updated\" style=\"display:none;\">2020-03-03T11:38:24+01:00<\/span><span>2019 3 October<\/span><span class=\"fusion-inline-sep\">|<\/span><\/p><div class=\"fusion-post-content-container\"><p> Es una de esas citas que te la apuntas en el calendario con rojo y bien grande: \u00a1Lleg\u00f3 la gran comida de verano de pisos! El gran d\u00eda que todes esperamos con ansias y<\/p><\/div><\/div><div class=\"fusion-clearfix\"><\/div><div class=\"fusion-meta-info\"><div class=\"fusion-alignright\"><a class=\"fusion-read-more\" href=\"https:\/\/zubietxe.org\/eu\/la-comida-de-verano-de-pisos\/\" aria-label=\"More on Udako bazkaria heldu da!\">Read More<\/a><\/div><\/div><\/article>\n<\/div><\/div><div class=\"fusion-clearfix\"><\/div><\/div><\/div><\/div><\/div><div class=\"fusion-fullwidth fullwidth-box fusion-builder-row-2 nonhundred-percent-fullwidth non-hundred-percent-height-scrolling\" style=\"background-color: rgba(255,255,255,0);background-position: center center;background-repeat: no-repeat;padding-top:0px;padding-right:13%;padding-bottom:0px;padding-left:13%;margin-bottom: 0px;margin-top: 0px;border-width: 0px 0px 0px 0px;border-color:#eae9e9;border-style:solid;\" ><div class=\"fusion-builder-row fusion-row\"><div class=\"fusion-layout-column fusion_builder_column fusion-builder-column-1 fusion_builder_column_1_1 1_1 fusion-one-full fusion-column-first fusion-column-last\" style=\"margin-top:0px;margin-bottom:0px;\"><div class=\"fusion-column-wrapper fusion-flex-column-wrapper-legacy\" style=\"background-position:left top;background-repeat:no-repeat;-webkit-background-size:cover;-moz-background-size:cover;-o-background-size:cover;background-size:cover;padding: 0px 0px 0px 0px;\"><div class=\"fusion-text fusion-text-1\"><\/div><div class=\"fusion-clearfix\"><\/div><\/div><\/div><\/div><\/div><\/p>\n","protected":false},"excerpt":{"rendered":"<p>yes<\/p>\n","protected":false},"author":1,"featured_media":0,"parent":0,"menu_order":0,"comment_status":"closed","ping_status":"closed","template":"","meta":{"footnotes":""},"class_list":["post-2677","page","type-page","status-publish","hentry"],"_links":{"self":[{"href":"https:\/\/zubietxe.org\/eu\/wp-json\/wp\/v2\/pages\/2677\/"}],"collection":[{"href":"https:\/\/zubietxe.org\/eu\/wp-json\/wp\/v2\/pages\/"}],"about":[{"href":"https:\/\/zubietxe.org\/eu\/wp-json\/wp\/v2\/types\/page\/"}],"author":[{"embeddable":true,"href":"https:\/\/zubietxe.org\/eu\/wp-json\/wp\/v2\/users\/1\/"}],"replies":[{"embeddable":true,"href":"https:\/\/zubietxe.org\/eu\/wp-json\/wp\/v2\/comments\/?post=2677"}],"version-history":[{"count":2,"href":"https:\/\/zubietxe.org\/eu\/wp-json\/wp\/v2\/pages\/2677\/revisions\/"}],"predecessor-version":[{"id":2679,"href":"https:\/\/zubietxe.org\/eu\/wp-json\/wp\/v2\/pages\/2677\/revisions\/2679\/"}],"wp:attachment":[{"href":"https:\/\/zubietxe.org\/eu\/wp-json\/wp\/v2\/media\/?parent=2677"}],"curies":[{"name":"wp","href":"https:\/\/api.w.org\/{rel}","templated":true}]}}