{"id":2700,"date":"2020-02-06T17:15:29","date_gmt":"2020-02-06T16:15:29","guid":{"rendered":"https:\/\/zubietxe.org\/?page_id=2700"},"modified":"2020-02-06T17:15:29","modified_gmt":"2020-02-06T16:15:29","slug":"emakume-eta-gizonen-berdintasuna","status":"publish","type":"page","link":"https:\/\/zubietxe.org\/eu\/emakume-eta-gizonen-berdintasuna\/","title":{"rendered":"Emakume eta gizonen berdintasuna"},"content":{"rendered":"<div class=\"fusion-fullwidth fullwidth-box fusion-builder-row-1 nonhundred-percent-fullwidth non-hundred-percent-height-scrolling\" style=\"background-color: rgba(255,255,255,0);background-position: center center;background-repeat: no-repeat;padding-top:0px;padding-right:13%;padding-bottom:0px;padding-left:13%;margin-bottom: 0px;margin-top: 0px;border-width: 0px 0px 0px 0px;border-color:#eae9e9;border-style:solid;\" ><div class=\"fusion-builder-row fusion-row\"><div class=\"fusion-layout-column fusion_builder_column fusion-builder-column-0 fusion_builder_column_1_1 1_1 fusion-one-full fusion-column-first fusion-column-last\" style=\"margin-top:0px;margin-bottom:0px;\"><div class=\"fusion-column-wrapper fusion-flex-column-wrapper-legacy\" style=\"background-position:left top;background-repeat:no-repeat;-webkit-background-size:cover;-moz-background-size:cover;-o-background-size:cover;background-size:cover;padding: 0px 0px 0px 0px;\"><style type=\"text\/css\"><\/style><div class=\"fusion-title title fusion-title-1 fusion-sep-none fusion-title-text fusion-title-size-two\" style=\"margin-top:0px;margin-right:0px;margin-bottom:31px;margin-left:0px;\"><h2 class=\"title-heading-left\" style=\"margin:0;color:#ff9800;\">Zubietxe con perspectiva feminista<\/h2><\/div><div class=\"fusion-text fusion-text-1\"><p>Zubietxe ha tenido, desde su origen, un marcado compromiso con la igualdad entre mujeres y hombres. Con el tiempo, hemos aprendido a enmarcar esas pr\u00e1cticas con una reflexi\u00f3n feminista, y una institucionalizaci\u00f3n de esta perspectiva.<\/p>\n<\/div><style type=\"text\/css\"><\/style><div class=\"fusion-title title fusion-title-2 fusion-sep-none fusion-title-text fusion-title-size-four\" style=\"margin-top:0px;margin-right:0px;margin-bottom:31px;margin-left:0px;\"><h4 class=\"title-heading-left\" style=\"margin:0;\"><strong>DOCUMENTOS:<\/strong><\/h4><\/div><div class=\"fusion-align-block\"><style type=\"text\/css\">.fusion-button.button-1 {border-radius:2px;}<\/style><a class=\"fusion-button button-flat fusion-button-default-size button-default button-1 fusion-button-span-yes fusion-button-default-type\" target=\"_blank\" rel=\"noopener noreferrer\" href=\"http:\/\/165.227.149.109\/wp-content\/uploads\/2014\/05\/Plan-Estrat%C3%A9gico-para-la-Igualdad.pdf\"><i class=\"fa-arrow-right fas button-icon-left\" aria-hidden=\"true\"><\/i><span class=\"fusion-button-text\">Plan de Igualdad 2010-2014<\/span><\/a><\/div><div class=\"fusion-sep-clear\"><\/div><div class=\"fusion-separator fusion-full-width-sep\" style=\"margin-left: auto;margin-right: auto;width:100%;\"><div class=\"fusion-separator-border sep-single\" style=\"border-color:#ffffff;border-top-width:15px;\"><\/div><\/div><div class=\"fusion-sep-clear\"><\/div><div class=\"fusion-align-block\"><style type=\"text\/css\">.fusion-button.button-2 {border-radius:2px;}<\/style><a class=\"fusion-button button-flat fusion-button-default-size button-default button-2 fusion-button-span-yes fusion-button-default-type\" target=\"_blank\" rel=\"noopener noreferrer\" href=\"http:\/\/zubietxe.org\/wp-content\/uploads\/2017\/11\/Plan-OPERATIVO-2014-Igualdad-MyH-Zubietxe.pdf\"><i class=\"fa-arrow-right fas button-icon-left\" aria-hidden=\"true\"><\/i><span class=\"fusion-button-text\">Plan de Igualdad 2014-2017 (plan operativo)<\/span><\/a><\/div><div class=\"fusion-sep-clear\"><\/div><div class=\"fusion-separator fusion-full-width-sep\" style=\"margin-left: auto;margin-right: auto;width:100%;\"><div class=\"fusion-separator-border sep-single\" style=\"border-color:#ffffff;border-top-width:15px;\"><\/div><\/div><div class=\"fusion-sep-clear\"><\/div><div class=\"fusion-align-block\"><style type=\"text\/css\">.fusion-button.button-3 {border-radius:2px;}<\/style><a class=\"fusion-button button-flat fusion-button-default-size button-default button-3 fusion-button-span-yes fusion-button-default-type\" target=\"_self\" href=\"http:\/\/zubietxe.org\/wp-content\/uploads\/2014\/05\/Plan-Estrat%C3%A9gico-para-la-Igualdad.pdf\"><i class=\"fa-arrow-right fas button-icon-left\" aria-hidden=\"true\"><\/i><span class=\"fusion-button-text\">Plan Estrat\u00e9gico para la Igualdad<\/span><\/a><\/div><div class=\"fusion-sep-clear\"><\/div><div class=\"fusion-separator fusion-full-width-sep\" style=\"margin-left: auto;margin-right: auto;width:100%;\"><div class=\"fusion-separator-border sep-single\" style=\"border-color:#ffffff;border-top-width:15px;\"><\/div><\/div><div class=\"fusion-sep-clear\"><\/div><div class=\"fusion-clearfix\"><\/div><\/div><\/div><\/div><\/div>\n<p>&nbsp;<\/p>\n","protected":false},"excerpt":{"rendered":"<p>&nbsp;<\/p>\n","protected":false},"author":1,"featured_media":0,"parent":0,"menu_order":0,"comment_status":"closed","ping_status":"closed","template":"","meta":{"footnotes":""},"class_list":["post-2700","page","type-page","status-publish","hentry"],"_links":{"self":[{"href":"https:\/\/zubietxe.org\/eu\/wp-json\/wp\/v2\/pages\/2700\/"}],"collection":[{"href":"https:\/\/zubietxe.org\/eu\/wp-json\/wp\/v2\/pages\/"}],"about":[{"href":"https:\/\/zubietxe.org\/eu\/wp-json\/wp\/v2\/types\/page\/"}],"author":[{"embeddable":true,"href":"https:\/\/zubietxe.org\/eu\/wp-json\/wp\/v2\/users\/1\/"}],"replies":[{"embeddable":true,"href":"https:\/\/zubietxe.org\/eu\/wp-json\/wp\/v2\/comments\/?post=2700"}],"version-history":[{"count":2,"href":"https:\/\/zubietxe.org\/eu\/wp-json\/wp\/v2\/pages\/2700\/revisions\/"}],"predecessor-version":[{"id":2702,"href":"https:\/\/zubietxe.org\/eu\/wp-json\/wp\/v2\/pages\/2700\/revisions\/2702\/"}],"wp:attachment":[{"href":"https:\/\/zubietxe.org\/eu\/wp-json\/wp\/v2\/media\/?parent=2700"}],"curies":[{"name":"wp","href":"https:\/\/api.w.org\/{rel}","templated":true}]}}