{"id":2707,"date":"2020-02-06T17:19:57","date_gmt":"2020-02-06T16:19:57","guid":{"rendered":"https:\/\/zubietxe.org\/?page_id=2707"},"modified":"2020-02-06T17:19:57","modified_gmt":"2020-02-06T16:19:57","slug":"argitaratuak","status":"publish","type":"page","link":"https:\/\/zubietxe.org\/eu\/argitaratuak\/","title":{"rendered":"Argitaratuak"},"content":{"rendered":"<div class=\"fusion-fullwidth fullwidth-box fusion-builder-row-1 nonhundred-percent-fullwidth non-hundred-percent-height-scrolling\" style=\"background-color: rgba(255,255,255,0);background-position: center center;background-repeat: no-repeat;padding-top:0px;padding-right:13%;padding-bottom:0px;padding-left:13%;margin-bottom: 0px;margin-top: 0px;border-width: 0px 0px 0px 0px;border-color:#eae9e9;border-style:solid;\" ><div class=\"fusion-builder-row fusion-row\"><div class=\"fusion-layout-column fusion_builder_column fusion-builder-column-0 fusion_builder_column_1_1 1_1 fusion-one-full fusion-column-first fusion-column-last\" style=\"margin-top:0px;margin-bottom:0px;\"><div class=\"fusion-column-wrapper fusion-flex-column-wrapper-legacy\" style=\"background-position:left top;background-repeat:no-repeat;-webkit-background-size:cover;-moz-background-size:cover;-o-background-size:cover;background-size:cover;padding: 0px 0px 0px 0px;\"><style type=\"text\/css\"><\/style><div class=\"fusion-title title fusion-title-1 fusion-sep-none fusion-title-text fusion-title-size-two\" style=\"margin-top:0px;margin-right:0px;margin-bottom:31px;margin-left:0px;\"><h2 class=\"title-heading-left\" style=\"margin:0;color:#ff9800;\">Publicaciones<\/h2><\/div><style type=\"text\/css\"><\/style><div class=\"fusion-title title fusion-title-2 fusion-sep-none fusion-title-text fusion-title-size-three\" style=\"margin-top:0px;margin-right:0px;margin-bottom:31px;margin-left:0px;\"><h3 class=\"title-heading-left\" style=\"margin:0;color:#000000;\">Gu\u00eda did\u00e1ctica para la prevenci\u00f3n del VIH y otras ETS<\/h3><\/div><div class=\"fusion-text fusion-text-1\"><p><a href=\"http:\/\/zubietxe.org\/wp-content\/uploads\/2017\/01\/Guia-Didactica-Asociaci\u00f3n-Zubietxe-ultima.pdf\"><img decoding=\"async\" class=\"size-medium wp-image-1628 alignleft\" src=\"http:\/\/zubietxe.org\/wp-content\/uploads\/2017\/01\/Portada-Guia-212x300.jpg\" alt=\"Portada Guia\" width=\"212\" height=\"300\" srcset=\"https:\/\/zubietxe.org\/wp-content\/uploads\/2017\/01\/Portada-Guia-200x283.jpg 200w, https:\/\/zubietxe.org\/wp-content\/uploads\/2017\/01\/Portada-Guia-212x300.jpg 212w, https:\/\/zubietxe.org\/wp-content\/uploads\/2017\/01\/Portada-Guia-400x566.jpg 400w, https:\/\/zubietxe.org\/wp-content\/uploads\/2017\/01\/Portada-Guia.jpg 600w\" sizes=\"(max-width: 212px) 100vw, 212px\" \/><\/a><br \/>\n<!--:--><\/p>\n<p>Se trata de una gu\u00eda elaborada por Zubietxe con el apoyo de la UNAD, para la prevenci\u00f3n del VIH y otras enfermedades de transmisi\u00f3n sexual.<\/p>\n<\/div><div class=\"fusion-sep-clear\"><\/div><div class=\"fusion-separator fusion-full-width-sep\" style=\"margin-left: auto;margin-right: auto;margin-bottom:40px;width:100%;\"><div class=\"fusion-separator-border sep-single sep-dotted\" style=\"border-color:#8c8a8a;border-top-width:1px;\"><\/div><\/div><div class=\"fusion-sep-clear\"><\/div><style type=\"text\/css\"><\/style><div class=\"fusion-title title fusion-title-3 fusion-sep-none fusion-title-text fusion-title-size-three\" style=\"margin-top:0px;margin-right:0px;margin-bottom:31px;margin-left:0px;\"><h3 class=\"title-heading-left\" style=\"margin:0;color:#000000;\">Ulises<\/h3><\/div><div class=\"fusion-text fusion-text-2\"><p><!--:es--><!-- &#091;if gte mso 9&#093;><xml>\n<w:WordDocument>\n<w:View>Normal<\/w:View>\n<w:Zoom>0<\/w:Zoom>\n<w:HyphenationZone>21<\/w:HyphenationZone>\n<w:PunctuationKerning\/>\n<w:ValidateAgainstSchemas\/>\n<w:SaveIfXMLInvalid>false<\/w:SaveIfXMLInvalid>\n<w:IgnoreMixedContent>false<\/w:IgnoreMixedContent>\n<w:AlwaysShowPlaceholderText>false<\/w:AlwaysShowPlaceholderText>\n<w:Compatibility>\n<w:BreakWrappedTables\/>\n<w:SnapToGridInCell\/>\n<w:WrapTextWithPunct\/>\n<w:UseAsianBreakRules\/>\n<w:DontGrowAutofit\/>\n<w:UseFELayout\/>\n<\/w:Compatibility>\n<w:BrowserLevel>MicrosoftInternetExplorer4<\/w:BrowserLevel>\n<\/w:WordDocument>\n<\/xml><!&#091;endif&#093;--><\/p>\n<p><!-- &#091;if gte mso 9&#093;><xml>\n<w:LatentStyles DefLockedState=\"false\" LatentStyleCount=\"156\">\n<\/w:LatentStyles>\n<\/xml><!&#091;endif&#093;--><!-- &#091;if gte mso 10&#093;>\n\n\n\n\n\n<style>\n \/* Style Definitions *\/<br \/>table.MsoNormalTable<br \/>{mso-style-name:\"Tabla normal\";<br \/>mso-tstyle-rowband-size:0;<br \/>mso-tstyle-colband-size:0;<br \/>mso-style-noshow:yes;<br \/>mso-style-parent:\"\";<br \/>mso-padding-alt:0cm 5.4pt 0cm 5.4pt;<br \/>mso-para-margin:0cm;<br \/>mso-para-margin-bottom:.0001pt;<br \/>mso-pagination:widow-orphan;<br \/>font-size:10.0pt;<br \/>font-family:\"Times New Roman\";<br \/>mso-fareast-font-family:\"Times New Roman\";<br \/>mso-ansi-language:#0400;<br \/>mso-fareast-language:#0400;<br \/>mso-bidi-language:#0400;}<br \/><\/style>\n\n\n\n\n\n<!&#091;endif&#093;--><\/p>\n<p class=\"MsoNormal\" style=\"text-align: justify; text-justify: inter-ideograph;\">En este af\u00e1n incontrolable de ense\u00f1ar al mundo los tesoros que nos vamos encontrando, Zubietxe ha dado a luz dos publicaciones repletas de vida y arte. <b style=\"mso-bidi-font-weight: normal;\">\u201cRetratos de Ulises\u201d<\/b> sali\u00f3 de la imprenta en 2006, y recoge retales de experiencias de muchos hombres y mujeres inmigrantes que hemos tenido la suerte de conocer en el d\u00eda a d\u00eda de nuestro trabajo. Retal a retal, pincelada a pincelada, se va dibujando el viaje de un Ulises hecho muchos Ulises cercanos, acompa\u00f1\u00e1ndose las im\u00e1genes y las palabras.<\/p>\n<p class=\"MsoNormal\" style=\"text-align: justify; text-justify: inter-ideograph;\"><a href=\"http:\/\/zubietxe.org\/wp-content\/uploads\/2013\/05\/Retratos-Ulises.jpg\"><img decoding=\"async\" class=\"alignleft wp-image-740\" src=\"http:\/\/zubietxe.org\/wp-content\/uploads\/2013\/05\/Retratos-Ulises.jpg\" alt=\"Retratos Ulises\" width=\"311\" height=\"303\" srcset=\"https:\/\/zubietxe.org\/wp-content\/uploads\/2013\/05\/Retratos-Ulises-200x195.jpg 200w, https:\/\/zubietxe.org\/wp-content\/uploads\/2013\/05\/Retratos-Ulises-300x292.jpg 300w, https:\/\/zubietxe.org\/wp-content\/uploads\/2013\/05\/Retratos-Ulises-400x389.jpg 400w, https:\/\/zubietxe.org\/wp-content\/uploads\/2013\/05\/Retratos-Ulises-600x584.jpg 600w, https:\/\/zubietxe.org\/wp-content\/uploads\/2013\/05\/Retratos-Ulises-768x748.jpg 768w, https:\/\/zubietxe.org\/wp-content\/uploads\/2013\/05\/Retratos-Ulises-800x779.jpg 800w, https:\/\/zubietxe.org\/wp-content\/uploads\/2013\/05\/Retratos-Ulises.jpg 826w\" sizes=\"(max-width: 311px) 100vw, 311px\" \/><\/a><\/p>\n<p class=\"MsoNormal\" style=\"text-align: justify; text-justify: inter-ideograph;\">Esta preciosa experiencia inspir\u00f3 otros entusiasmos, que desembocaron en la publicaci\u00f3n en 2008 de <b style=\"mso-bidi-font-weight: normal;\">\u201cUlises 2.0\u201d<\/b>. En este libro, publicado en colaboraci\u00f3n con Alh\u00f3ndigaBilbao, autoras y autores reconocidas del mundo del c\u00f3mic y la ilustraci\u00f3n versionan obras realizadas en el Taller de Arte por autores inmigrantes, poni\u00e9ndose cada uno en el lugar de un Ulises que emprende un dif\u00edcil viaje. Este trabajo ha sido posible por su implicaci\u00f3n y generosidad. Gracias Fernando, Raquel, David, Jali, Juan, Manuel, Lola, Sonia, Helena, Leticia, Javi, Kike, Lidia, Juanjo, Sagar, Salvador, Pepo, Carlos, Sanvi, Alberto, Leandro, Ken y Paco. Os llevamos en el coraz\u00f3n y disfrutamos de cada uno de vuestros \u00e9xitos como si fueran nuestros.<\/p>\n<p>Pincha aqu\u00ed para ver un pdf de Ulises 2.0: <a href=\"http:\/\/zubietxe.org\/wp-content\/uploads\/2013\/05\/29_ULISES-2.0-4-Mb_C.pdf\">29_ULISES 2.0 (4 Mb)_C<\/a><!--:--><\/p>\n<\/div><div class=\"fusion-clearfix\"><\/div><\/div><\/div><\/div><div class=\"fusion-builder-row fusion-row\"><\/div><\/div>\n<p>&nbsp;<\/p>\n","protected":false},"excerpt":{"rendered":"<p>&nbsp;<\/p>\n","protected":false},"author":1,"featured_media":0,"parent":0,"menu_order":0,"comment_status":"closed","ping_status":"open","template":"","meta":{"footnotes":""},"class_list":["post-2707","page","type-page","status-publish","hentry"],"_links":{"self":[{"href":"https:\/\/zubietxe.org\/eu\/wp-json\/wp\/v2\/pages\/2707\/"}],"collection":[{"href":"https:\/\/zubietxe.org\/eu\/wp-json\/wp\/v2\/pages\/"}],"about":[{"href":"https:\/\/zubietxe.org\/eu\/wp-json\/wp\/v2\/types\/page\/"}],"author":[{"embeddable":true,"href":"https:\/\/zubietxe.org\/eu\/wp-json\/wp\/v2\/users\/1\/"}],"replies":[{"embeddable":true,"href":"https:\/\/zubietxe.org\/eu\/wp-json\/wp\/v2\/comments\/?post=2707"}],"version-history":[{"count":2,"href":"https:\/\/zubietxe.org\/eu\/wp-json\/wp\/v2\/pages\/2707\/revisions\/"}],"predecessor-version":[{"id":2709,"href":"https:\/\/zubietxe.org\/eu\/wp-json\/wp\/v2\/pages\/2707\/revisions\/2709\/"}],"wp:attachment":[{"href":"https:\/\/zubietxe.org\/eu\/wp-json\/wp\/v2\/media\/?parent=2707"}],"curies":[{"name":"wp","href":"https:\/\/api.w.org\/{rel}","templated":true}]}}