{"id":2718,"date":"2020-02-06T17:26:35","date_gmt":"2020-02-06T16:26:35","guid":{"rendered":"https:\/\/zubietxe.org\/?page_id=2718"},"modified":"2020-02-06T17:27:09","modified_gmt":"2020-02-06T16:27:09","slug":"zuzendaritza","status":"publish","type":"page","link":"https:\/\/zubietxe.org\/eu\/zuzendaritza\/","title":{"rendered":"Zuzendaritza"},"content":{"rendered":"<p><div class=\"fusion-fullwidth fullwidth-box fusion-builder-row-1 nonhundred-percent-fullwidth non-hundred-percent-height-scrolling\" style=\"background-color: rgba(255,255,255,0);background-position: center center;background-repeat: no-repeat;padding-top:0px;padding-right:13%;padding-bottom:0px;padding-left:13%;margin-bottom: 0px;margin-top: 0px;border-width: 0px 0px 0px 0px;border-color:#eae9e9;border-style:solid;\" ><div class=\"fusion-builder-row fusion-row\"><div class=\"fusion-layout-column fusion_builder_column fusion-builder-column-0 fusion_builder_column_1_1 1_1 fusion-one-full fusion-column-first fusion-column-last\" style=\"margin-top:0px;margin-bottom:20px;\"><div class=\"fusion-column-wrapper fusion-flex-column-wrapper-legacy\" style=\"background-position:left top;background-repeat:no-repeat;-webkit-background-size:cover;-moz-background-size:cover;-o-background-size:cover;background-size:cover;padding: 0px 0px 0px 0px;\"><span class=\" fusion-imageframe imageframe-none imageframe-1 hover-type-none\" style=\"border:3px solid #000000;\"><img decoding=\"async\" width=\"1024\" height=\"594\" title=\"junta\" src=\"http:\/\/165.227.149.109\/wp-content\/uploads\/2020\/02\/junta-1024x594.jpeg\" class=\"img-responsive wp-image-2546\" srcset=\"https:\/\/zubietxe.org\/wp-content\/uploads\/2020\/02\/junta-200x116.jpeg 200w, https:\/\/zubietxe.org\/wp-content\/uploads\/2020\/02\/junta-400x232.jpeg 400w, https:\/\/zubietxe.org\/wp-content\/uploads\/2020\/02\/junta-600x348.jpeg 600w, https:\/\/zubietxe.org\/wp-content\/uploads\/2020\/02\/junta-800x464.jpeg 800w, https:\/\/zubietxe.org\/wp-content\/uploads\/2020\/02\/junta.jpeg 1185w\" sizes=\"(max-width: 1024px) 100vw, 1024px\" \/><\/span><div class=\"fusion-clearfix\"><\/div><\/div><\/div><\/div><\/div><div class=\"fusion-fullwidth fullwidth-box fusion-builder-row-2 nonhundred-percent-fullwidth non-hundred-percent-height-scrolling\" style=\"background-color: rgba(255,255,255,0);background-position: center center;background-repeat: no-repeat;padding-top:0px;padding-right:13%;padding-bottom:0px;padding-left:13%;margin-bottom: 0px;margin-top: 0px;border-width: 0px 0px 0px 0px;border-color:#eae9e9;border-style:solid;\" ><div class=\"fusion-builder-row fusion-row\"><div class=\"fusion-layout-column fusion_builder_column fusion-builder-column-1 fusion_builder_column_1_1 1_1 fusion-one-full fusion-column-first fusion-column-last\" style=\"margin-top:0px;margin-bottom:20px;\"><div class=\"fusion-column-wrapper fusion-flex-column-wrapper-legacy\" style=\"background-position:left top;background-repeat:no-repeat;-webkit-background-size:cover;-moz-background-size:cover;-o-background-size:cover;background-size:cover;padding: 0px 0px 0px 0px;\"><style type=\"text\/css\"><\/style><div class=\"fusion-title title fusion-title-1 fusion-sep-none fusion-title-text fusion-title-size-two\" style=\"margin-top:0px;margin-right:0px;margin-bottom:31px;margin-left:0px;\"><h2 class=\"title-heading-left\" style=\"margin:0;color:#ff9800;\">Junta Directiva<\/h2><\/div><div class=\"fusion-text fusion-text-1\"><p>La Junta Directiva es el \u00f3rgano m\u00e1ximo de decisi\u00f3n de la Asociaci\u00f3n. Sus componentes se votan anualmente en la Asamblea de personas socias de la entidad.<\/p>\n<\/div><div class=\"fusion-clearfix\"><\/div><\/div><\/div><\/div><\/div><div class=\"fusion-fullwidth fullwidth-box fusion-builder-row-3 nonhundred-percent-fullwidth non-hundred-percent-height-scrolling\" style=\"background-color: rgba(255,255,255,0);background-position: center center;background-repeat: no-repeat;padding-top:0px;padding-right:13%;padding-bottom:0px;padding-left:13%;margin-bottom: 0px;margin-top: 0px;border-width: 0px 0px 0px 0px;border-color:#eae9e9;border-style:solid;\" ><div class=\"fusion-builder-row fusion-row\"><div class=\"fusion-layout-column fusion_builder_column fusion-builder-column-2 fusion_builder_column_1_1 1_1 fusion-one-full fusion-column-first fusion-column-last\" style=\"margin-top:0px;margin-bottom:0px;\"><div class=\"fusion-column-wrapper fusion-flex-column-wrapper-legacy\" style=\"background-position:left top;background-repeat:no-repeat;-webkit-background-size:cover;-moz-background-size:cover;-o-background-size:cover;background-size:cover;padding: 0px 0px 0px 0px;\"><div class=\"fusion-text fusion-text-2\"><p>\u00a0<\/p>\n<\/div><div class=\"fusion-clearfix\"><\/div><\/div><\/div><\/div><\/div><\/p>\n","protected":false},"excerpt":{"rendered":"","protected":false},"author":1,"featured_media":0,"parent":0,"menu_order":0,"comment_status":"closed","ping_status":"closed","template":"","meta":{"footnotes":""},"class_list":["post-2718","page","type-page","status-publish","hentry"],"_links":{"self":[{"href":"https:\/\/zubietxe.org\/eu\/wp-json\/wp\/v2\/pages\/2718\/"}],"collection":[{"href":"https:\/\/zubietxe.org\/eu\/wp-json\/wp\/v2\/pages\/"}],"about":[{"href":"https:\/\/zubietxe.org\/eu\/wp-json\/wp\/v2\/types\/page\/"}],"author":[{"embeddable":true,"href":"https:\/\/zubietxe.org\/eu\/wp-json\/wp\/v2\/users\/1\/"}],"replies":[{"embeddable":true,"href":"https:\/\/zubietxe.org\/eu\/wp-json\/wp\/v2\/comments\/?post=2718"}],"version-history":[{"count":2,"href":"https:\/\/zubietxe.org\/eu\/wp-json\/wp\/v2\/pages\/2718\/revisions\/"}],"predecessor-version":[{"id":2720,"href":"https:\/\/zubietxe.org\/eu\/wp-json\/wp\/v2\/pages\/2718\/revisions\/2720\/"}],"wp:attachment":[{"href":"https:\/\/zubietxe.org\/eu\/wp-json\/wp\/v2\/media\/?parent=2718"}],"curies":[{"name":"wp","href":"https:\/\/api.w.org\/{rel}","templated":true}]}}